{"id":792,"date":"2024-11-26T00:03:21","date_gmt":"2024-11-25T23:03:21","guid":{"rendered":"https:\/\/zhg.swiss\/retail\/"},"modified":"2024-12-20T07:42:27","modified_gmt":"2024-12-20T06:42:27","slug":"retail","status":"publish","type":"page","link":"https:\/\/zhg.swiss\/de\/retail\/","title":{"rendered":"Shopping in Zermatt"},"content":{"rendered":"\n\n\t<section class=\"section\" id=\"section_1100948394\">\n\t\t<div class=\"section-bg fill\" >\n\t\t\t\t\t\t\t\t\t\n\t\t\t\n\n\t\t<\/div>\n\n\t\t\n\n\t\t<div class=\"section-content relative\">\n\t\t\t\n\n\n\t<section class=\"section\" id=\"section_1033824668\">\n\t\t<div class=\"section-bg fill\" >\n\t\t\t\t\t\t\t\t\t\n\t\t\t\n\n\t\t<\/div>\n\n\t\t\n\n\t\t<div class=\"section-content relative\">\n\t\t\t\n\n\n  <div class=\"banner has-hover target__banner has-video\" id=\"banner-1647088583\">\n          <div class=\"banner-inner fill\">\n        <div class=\"banner-bg fill\" >\n                        \t<div class=\"video-overlay no-click fill visible\"><\/div>\n\t<video class=\"video-bg fill visible\" preload playsinline autoplay muted loop>\n\t\t<source src=\"https:\/\/zhg.swiss\/video\/gornergrat-summit-shopping-film.mp4\" type=\"video\/mp4\">\t<\/video>\n                        \n                    <\/div>\n\t\t\n        <div class=\"banner-layers container\">\n            <div class=\"fill banner-link\"><\/div>            \n\n   <div id=\"text-box-957986403\" class=\"text-box banner-layer x50 md-x50 lg-x50 y50 md-y50 lg-y50 res-text\">\n                                <div class=\"text-box-content text dark\">\n              \n              <div class=\"text-inner text-center\">\n                  \n\n\n              <\/div>\n           <\/div>\n                            \n<style>\n#text-box-957986403 {\n  width: 60%;\n}\n#text-box-957986403 .text-box-content {\n  font-size: 100%;\n}\n@media (min-width:550px) {\n  #text-box-957986403 {\n    width: 60%;\n  }\n}\n<\/style>\n    <\/div>\n \n\n        <\/div>\n      <\/div>\n\n            \n<style>\n#banner-1647088583 {\n  padding-top: 66%;\n  background-color: rgb(247, 247, 247);\n}\n@media (min-width:550px) {\n  #banner-1647088583 {\n    padding-top: 50%;\n  }\n}\n<\/style>\n  <\/div>\n\n\n\n\t\t<\/div>\n\n\t\t\n<style>\n#section_1033824668 {\n  padding-top: 0px;\n  padding-bottom: 0px;\n}\n<\/style>\n\t<\/section>\n\t\n\n\t<div id=\"gap-231350429\" class=\"gap-element clearfix\" style=\"display:block; height:auto;\">\n\t\t\n<style>\n#gap-231350429 {\n  padding-top: 30px;\n}\n<\/style>\n\t<\/div>\n\t\n\n<div class=\"row align-center\"  id=\"row-481504035\">\n\n\n\t<div id=\"col-1528879156\" class=\"col medium-10 small-12 large-10\"  >\n\t\t\t\t<div class=\"col-inner text-center\"  >\n\t\t\t\n\t\t\t\n\n<h1 class=\"uppercase\">ALPINES SHOPPING-ERLEBNIS DER SUPERLATIVE <\/h1>\n<p><strong>Willkommen in der h\u00f6chstgelegenen Shopping Mall der Welt. <\/strong><\/p>\n<p>Die im Kulmhotel Gornergrat befindliche Shopping Mall liegt auf 3\u2019100 Metern \u00fcber dem Meeresspiegel und bietet eine Verkaufsfl\u00e4che von \u00fcber 400\u202fm2, die speziell auf die Bed\u00fcrfnisse abenteuerlustiger Touristen aus aller Welt ausgerichtet ist. <\/p>\n\n\t\t<\/div>\n\t\t\t\t\t<\/div>\n\n\t\n\n<\/div>\n<div class=\"row row-collapse\"  id=\"row-2045564186\">\n\n\n\t<div id=\"col-680966832\" class=\"col small-12 large-12\"  >\n\t\t\t\t<div class=\"col-inner text-center\"  >\n\t\t\t\n\t\t\t\n\n<p><img decoding=\"async\"  src=\"https:\/\/zhg.swiss\/wp-content\/uploads\/2024\/11\/zhg-favicon.png\" alt=\"\" style=\"max-width: 75px;\" \/><\/p>\n\n\t\t<\/div>\n\t\t\t\t\t<\/div>\n\n\t\n\n<\/div>\n\n\t\t<\/div>\n\n\t\t\n<style>\n#section_1100948394 {\n  padding-top: 0px;\n  padding-bottom: 0px;\n}\n<\/style>\n\t<\/section>\n\t\n\n\t<section class=\"section\" id=\"section_1132385905\">\n\t\t<div class=\"section-bg fill\" >\n\t\t\t\t\t\t\t\t\t\n\t\t\t\n\n\t\t<\/div>\n\n\t\t\n\n\t\t<div class=\"section-content relative\">\n\t\t\t\n\n<div class=\"row\"  id=\"row-2068437539\">\n\n\n\t<div id=\"col-466873180\" class=\"col small-12 large-12\"  >\n\t\t\t\t<div class=\"col-inner\"  >\n\t\t\t\n\t\t\t\n\n\n  <div class=\"banner has-hover\" id=\"banner-556822490\">\n          <div class=\"banner-inner fill\">\n        <div class=\"banner-bg fill\" >\n            <img loading=\"lazy\" decoding=\"async\" width=\"1790\" height=\"977\" src=\"https:\/\/zhg.swiss\/wp-content\/uploads\/2024\/12\/shopping-mall-1.jpg\" class=\"bg attachment-original size-original\" alt=\"Gornergrat Shopping Mall\" \/>                                    \n                    <\/div>\n\t\t\n        <div class=\"banner-layers container\">\n            <div class=\"fill banner-link\"><\/div>            \n\n   <div id=\"text-box-778251973\" class=\"text-box banner-layer x50 md-x50 lg-x50 y50 md-y50 lg-y50 res-text\">\n                                <div class=\"text-box-content text dark\">\n              \n              <div class=\"text-inner text-center\">\n                  \n\n\n              <\/div>\n           <\/div>\n                            \n<style>\n#text-box-778251973 {\n  width: 60%;\n}\n#text-box-778251973 .text-box-content {\n  font-size: 100%;\n}\n@media (min-width:550px) {\n  #text-box-778251973 {\n    width: 60%;\n  }\n}\n<\/style>\n    <\/div>\n \n\n        <\/div>\n      <\/div>\n\n            \n<style>\n#banner-556822490 {\n  padding-top: 99.99%;\n  background-color: rgb(247, 247, 247);\n}\n#banner-556822490 .banner-bg img {\n  object-position: 50% 50%;\n}\n@media (min-width:550px) {\n  #banner-556822490 {\n    padding-top: 60%;\n  }\n}\n@media (min-width:850px) {\n  #banner-556822490 {\n    padding-top: 50%;\n  }\n}\n<\/style>\n  <\/div>\n\n\n\n\t\t<\/div>\n\t\t\t\t\t<\/div>\n\n\t\n\n<\/div>\n\t<div id=\"gap-881639255\" class=\"gap-element clearfix\" style=\"display:block; height:auto;\">\n\t\t\n<style>\n#gap-881639255 {\n  padding-top: 30px;\n}\n<\/style>\n\t<\/div>\n\t\n\n<div class=\"row align-center\"  id=\"row-1480081895\">\n\n\n\t<div id=\"col-1797197757\" class=\"col medium-10 small-12 large-10\"  >\n\t\t\t\t<div class=\"col-inner text-center\"  >\n\t\t\t\n\t\t\t\n\n<h1 class=\"uppercase\">Gornergrat Shopping Mall<\/h1>\n<p>Um der steigenden Zahl internationaler Kunden mit hohen Anspr\u00fcchen gerecht zu werden, wird eine neue Shopping Mall geschaffen, ein qualitativ hochwertiges Einkaufserlebnis garantiert.<\/p>\n\n\t\t<\/div>\n\t\t\t\t\t<\/div>\n\n\t\n\n<\/div>\n\n\t\t<\/div>\n\n\t\t\n<style>\n#section_1132385905 {\n  padding-top: 30px;\n  padding-bottom: 30px;\n}\n<\/style>\n\t<\/section>\n\t\n\n\t<section class=\"section\" id=\"section_928759145\">\n\t\t<div class=\"section-bg fill\" >\n\t\t\t\t\t\t\t\t\t\n\t\t\t\n\n\t\t<\/div>\n\n\t\t\n\n\t\t<div class=\"section-content relative\">\n\t\t\t\n\n<div class=\"row\"  id=\"row-1303276944\">\n\n\n\t<div id=\"col-314906754\" class=\"col small-12 large-12\"  >\n\t\t\t\t<div class=\"col-inner\"  >\n\t\t\t\n\t\t\t\n\n\n  <div class=\"banner has-hover\" id=\"banner-2026787422\">\n          <div class=\"banner-inner fill\">\n        <div class=\"banner-bg fill\" >\n            <img loading=\"lazy\" decoding=\"async\" width=\"1750\" height=\"886\" src=\"https:\/\/zhg.swiss\/wp-content\/uploads\/2024\/11\/ice-shop-banner.jpg\" class=\"bg attachment-original size-original\" alt=\"Ice Shop\" \/>                                    \n                    <\/div>\n\t\t\n        <div class=\"banner-layers container\">\n            <div class=\"fill banner-link\"><\/div>            \n\n   <div id=\"text-box-1909530778\" class=\"text-box banner-layer x50 md-x50 lg-x50 y50 md-y50 lg-y50 res-text\">\n                                <div class=\"text-box-content text dark\">\n              \n              <div class=\"text-inner text-center\">\n                  \n\n\n              <\/div>\n           <\/div>\n                            \n<style>\n#text-box-1909530778 {\n  width: 60%;\n}\n#text-box-1909530778 .text-box-content {\n  font-size: 100%;\n}\n@media (min-width:550px) {\n  #text-box-1909530778 {\n    width: 60%;\n  }\n}\n<\/style>\n    <\/div>\n \n\n        <\/div>\n      <\/div>\n\n            \n<style>\n#banner-2026787422 {\n  padding-top: 99.99%;\n  background-color: rgb(247, 247, 247);\n}\n#banner-2026787422 .banner-bg img {\n  object-position: 50% 50%;\n}\n@media (min-width:550px) {\n  #banner-2026787422 {\n    padding-top: 60%;\n  }\n}\n@media (min-width:850px) {\n  #banner-2026787422 {\n    padding-top: 50%;\n  }\n}\n<\/style>\n  <\/div>\n\n\n\n\t\t<\/div>\n\t\t\t\t\t<\/div>\n\n\t\n\n<\/div>\n<div class=\"row align-center\"  id=\"row-1766017169\">\n\n\n\t<div id=\"col-871517537\" class=\"col medium-10 small-12 large-10\"  >\n\t\t\t\t<div class=\"col-inner text-center\"  >\n\t\t\t\n\t\t\t\n\n\t<div id=\"gap-48486451\" class=\"gap-element clearfix\" style=\"display:block; height:auto;\">\n\t\t\n<style>\n#gap-48486451 {\n  padding-top: 30px;\n}\n<\/style>\n\t<\/div>\n\t\n\n<h1 class=\"uppercase\">Ice Shop<\/h1>\n<p>Der Souvenirladen am Trockenen Steg, direkt neben der Ice Buffet Bar Pizzeria, bietet Schweizer Souvenirs und Snacks. <\/p>\n\n\t\t<\/div>\n\t\t\t\t\t<\/div>\n\n\t\n\n<\/div>\n\n\t\t<\/div>\n\n\t\t\n<style>\n#section_928759145 {\n  padding-top: 30px;\n  padding-bottom: 30px;\n}\n<\/style>\n\t<\/section>\n\t\n\n","protected":false},"excerpt":{"rendered":"","protected":false},"author":1,"featured_media":0,"parent":0,"menu_order":0,"comment_status":"closed","ping_status":"closed","template":"","meta":{"_acf_changed":false,"footnotes":""},"class_list":["post-792","page","type-page","status-publish","hentry"],"acf":[],"_links":{"self":[{"href":"https:\/\/zhg.swiss\/de\/wp-json\/wp\/v2\/pages\/792","targetHints":{"allow":["GET"]}}],"collection":[{"href":"https:\/\/zhg.swiss\/de\/wp-json\/wp\/v2\/pages"}],"about":[{"href":"https:\/\/zhg.swiss\/de\/wp-json\/wp\/v2\/types\/page"}],"author":[{"embeddable":true,"href":"https:\/\/zhg.swiss\/de\/wp-json\/wp\/v2\/users\/1"}],"replies":[{"embeddable":true,"href":"https:\/\/zhg.swiss\/de\/wp-json\/wp\/v2\/comments?post=792"}],"version-history":[{"count":9,"href":"https:\/\/zhg.swiss\/de\/wp-json\/wp\/v2\/pages\/792\/revisions"}],"predecessor-version":[{"id":1180,"href":"https:\/\/zhg.swiss\/de\/wp-json\/wp\/v2\/pages\/792\/revisions\/1180"}],"wp:attachment":[{"href":"https:\/\/zhg.swiss\/de\/wp-json\/wp\/v2\/media?parent=792"}],"curies":[{"name":"wp","href":"https:\/\/api.w.org\/{rel}","templated":true}]}}