{"id":880,"date":"2024-11-26T00:11:30","date_gmt":"2024-11-25T23:11:30","guid":{"rendered":"https:\/\/zhg.swiss\/sustainability\/"},"modified":"2026-04-15T15:19:29","modified_gmt":"2026-04-15T14:19:29","slug":"sustainability","status":"publish","type":"page","link":"https:\/\/zhg.swiss\/de\/sustainability\/","title":{"rendered":"Nachhaltigkeit"},"content":{"rendered":"\n\n\t<section class=\"section\" id=\"section_570293873\">\n\t\t<div class=\"section-bg fill\" >\n\t\t\t\t\t\t\t\t\t\n\t\t\t\n\n\t\t<\/div>\n\n\t\t\n\n\t\t<div class=\"section-content relative\">\n\t\t\t\n\n\n\t<section class=\"section\" id=\"section_1179163017\">\n\t\t<div class=\"section-bg fill\" >\n\t\t\t\t\t\t\t\t\t\n\t\t\t\n\n\t\t<\/div>\n\n\t\t\n\n\t\t<div class=\"section-content relative\">\n\t\t\t\n\n\n  <div class=\"banner has-hover target__banner has-video\" id=\"banner-171215107\">\n          <div class=\"banner-inner fill\">\n        <div class=\"banner-bg fill\" >\n                        \t<div class=\"video-overlay no-click fill visible\"><\/div>\n\t<video class=\"video-bg fill visible\" preload playsinline autoplay muted loop>\n\t\t<source src=\"https:\/\/zhg.swiss\/video\/zhg-sustainability.mp4\" type=\"video\/mp4\">\t<\/video>\n                        \n                    <\/div>\n\t\t\n        <div class=\"banner-layers container\">\n            <div class=\"fill banner-link\"><\/div>            \n\n   <div id=\"text-box-1974712664\" class=\"text-box banner-layer x50 md-x50 lg-x50 y50 md-y50 lg-y50 res-text\">\n                                <div class=\"text-box-content text dark\">\n              \n              <div class=\"text-inner text-center\">\n                  \n\n\n              <\/div>\n           <\/div>\n                            \n<style>\n#text-box-1974712664 {\n  width: 60%;\n}\n#text-box-1974712664 .text-box-content {\n  font-size: 100%;\n}\n@media (min-width:550px) {\n  #text-box-1974712664 {\n    width: 60%;\n  }\n}\n<\/style>\n    <\/div>\n \n\n        <\/div>\n      <\/div>\n\n            \n<style>\n#banner-171215107 {\n  padding-top: 66%;\n  background-color: rgb(247, 247, 247);\n}\n@media (min-width:550px) {\n  #banner-171215107 {\n    padding-top: 50%;\n  }\n}\n<\/style>\n  <\/div>\n\n\n<p><a class=\"target__button\"><i class=\"fa-solid fa-volume-xmark\"><\/i><i class=\"fa-solid fa-volume-high\" style=\"display: none;\"><\/i><\/a><\/p>\n\n\n\t\t<\/div>\n\n\t\t\n<style>\n#section_1179163017 {\n  padding-top: 0px;\n  padding-bottom: 0px;\n}\n<\/style>\n\t<\/section>\n\t\n\n\t<div id=\"gap-740267795\" class=\"gap-element clearfix\" style=\"display:block; height:auto;\">\n\t\t\n<style>\n#gap-740267795 {\n  padding-top: 30px;\n}\n<\/style>\n\t<\/div>\n\t\n\n<div class=\"row align-center\"  id=\"row-566933719\">\n\n\n\t<div id=\"col-353736073\" class=\"col medium-10 small-12 large-10\"  >\n\t\t\t\t<div class=\"col-inner text-center\"  >\n\t\t\t\n\t\t\t\n\n<h1 class=\"uppercase\">Seit \u00fcber 100 Jahren im Einklang mit der Natur<\/h1>\n<p class=\"bold\"><strong>Schutz der Umwelt f\u00fcr k\u00fcnftige Generationen <\/strong><\/p>\n<p>Die Zermatt Hospitality Group setzt sich seit langem f\u00fcr den Schutz der nat\u00fcrlichen Lebensr\u00e4ume vor Ort ein und engagiert sich weiterhin f\u00fcr eine nachhaltige Entwicklung der Region. F\u00fcr detaillierte Informationen zur Umweltpolitik oder zum Umweltbericht 2024 wenden Sie sich bitte an unseren CQO: <a href=\"mailto:katja.oberndorfer@zhg.swiss\">katja.oberndorfer@zhg.swiss<\/a>.\u00a0<\/p>\n\n\t\t<\/div>\n\t\t\t\t\t<\/div>\n\n\t\n\n<\/div>\n<div class=\"row row-collapse\"  id=\"row-1662194106\">\n\n\n\t<div id=\"col-2107644910\" class=\"col small-12 large-12\"  >\n\t\t\t\t<div class=\"col-inner text-center\"  >\n\t\t\t\n\t\t\t\n\n<p><img decoding=\"async\"  src=\"https:\/\/zhg.swiss\/wp-content\/uploads\/2024\/11\/zhg-favicon.png\" alt=\"\" style=\"max-width: 75px;\" \/><\/p>\n\n\t\t<\/div>\n\t\t\t\t\t<\/div>\n\n\t\n\n<\/div>\n\n\t\t<\/div>\n\n\t\t\n<style>\n#section_570293873 {\n  padding-top: 0px;\n  padding-bottom: 0px;\n}\n<\/style>\n\t<\/section>\n\t\n\n\t<section class=\"section\" id=\"section_123235883\">\n\t\t<div class=\"section-bg fill\" >\n\t\t\t\t\t\t\t\t\t\n\t\t\t\n\n\t\t<\/div>\n\n\t\t\n\n\t\t<div class=\"section-content relative\">\n\t\t\t\n\n<div class=\"row align-middle sustainability--row\"  id=\"row-683598695\">\n\n\n\t<div id=\"col-886688690\" class=\"col medium-6 small-12 large-6\"  >\n\t\t\t\t<div class=\"col-inner\"  >\n\t\t\t\n\t\t\t\n\n\t<div class=\"img has-hover x md-x lg-x y md-y lg-y\" id=\"image_1751334813\">\n\t\t\t\t\t\t\t\t<div class=\"img-inner dark\" >\n\t\t\t<img loading=\"lazy\" decoding=\"async\" width=\"882\" height=\"442\" src=\"https:\/\/zhg.swiss\/wp-content\/uploads\/2024\/12\/sustainability-1.jpg\" class=\"attachment-large size-large\" alt=\"\" srcset=\"https:\/\/zhg.swiss\/wp-content\/uploads\/2024\/12\/sustainability-1.jpg 882w, https:\/\/zhg.swiss\/wp-content\/uploads\/2024\/12\/sustainability-1-300x150.jpg 300w, https:\/\/zhg.swiss\/wp-content\/uploads\/2024\/12\/sustainability-1-768x385.jpg 768w\" sizes=\"auto, (max-width: 882px) 100vw, 882px\" \/>\t\t\t\t\t\t\n\t\t\t\t\t<\/div>\n\t\t\t\t\t\t\t\t\n<style>\n#image_1751334813 {\n  width: 100%;\n}\n<\/style>\n\t<\/div>\n\t\n\n\n\t\t<\/div>\n\t\t\t\t\t<\/div>\n\n\t\n\n\t<div id=\"col-52240755\" class=\"col medium-6 small-12 large-6\"  >\n\t\t\t\t<div class=\"col-inner\"  >\n\t\t\t\n\t\t\t\n\n<h2>Valais Excellence<\/h2>\n<p>Dieses Label zeichnet die leistungsst\u00e4rksten und engagiertesten Unternehmen im Wallis aus. Es wurde als Zeichen der Anerkennung f\u00fcr Unternehmen geschaffen, die nach den Grunds\u00e4tzen der nachhaltigen Entwicklung und kontinuierlichen Verbesserung gef\u00fchrt werden.<\/p>\n\n\t\t<\/div>\n\t\t\t\t\t<\/div>\n\n\t\n\n<\/div>\n<div class=\"row align-middle sustainability--row\"  id=\"row-1905041356\">\n\n\n\t<div id=\"col-774264662\" class=\"col medium-6 small-12 large-6\"  >\n\t\t\t\t<div class=\"col-inner\"  >\n\t\t\t\n\t\t\t\n\n<h2>Swissstainable<\/h2>\n<p>Vom \u00abHidden Champion\u00bb zum Vorreiter: Die Schweiz ist seit Jahren f\u00fchrend in Sachen Nachhaltigkeit. Im Rahmen der neuen Nachhaltigkeitsstrategie von Schweiz Tourismus (ST) soll mit diesem Label die \u00d6ffentlichkeit informiert werden.<\/p>\n\n\t\t<\/div>\n\t\t\t\t\t<\/div>\n\n\t\n\n\t<div id=\"col-50477421\" class=\"col medium-6 small-12 large-6 small-col-first\"  >\n\t\t\t\t<div class=\"col-inner\"  >\n\t\t\t\n\t\t\t\n\n\t<div class=\"img has-hover x md-x lg-x y md-y lg-y\" id=\"image_1799888478\">\n\t\t\t\t\t\t\t\t<div class=\"img-inner dark\" >\n\t\t\t<img loading=\"lazy\" decoding=\"async\" width=\"882\" height=\"442\" src=\"https:\/\/zhg.swiss\/wp-content\/uploads\/2024\/12\/sustainability-2.jpg\" class=\"attachment-large size-large\" alt=\"\" srcset=\"https:\/\/zhg.swiss\/wp-content\/uploads\/2024\/12\/sustainability-2.jpg 882w, https:\/\/zhg.swiss\/wp-content\/uploads\/2024\/12\/sustainability-2-300x150.jpg 300w, https:\/\/zhg.swiss\/wp-content\/uploads\/2024\/12\/sustainability-2-768x385.jpg 768w\" sizes=\"auto, (max-width: 882px) 100vw, 882px\" \/>\t\t\t\t\t\t\n\t\t\t\t\t<\/div>\n\t\t\t\t\t\t\t\t\n<style>\n#image_1799888478 {\n  width: 100%;\n}\n<\/style>\n\t<\/div>\n\t\n\n\n\t\t<\/div>\n\t\t\t\t\t<\/div>\n\n\t\n\n<\/div>\n<div class=\"row align-middle sustainability--row\"  id=\"row-1879571203\">\n\n\n\t<div id=\"col-82754139\" class=\"col medium-6 small-12 large-6\"  >\n\t\t\t\t<div class=\"col-inner\"  >\n\t\t\t\n\t\t\t\n\n\t<div class=\"img has-hover x md-x lg-x y md-y lg-y\" id=\"image_750824739\">\n\t\t\t\t\t\t\t\t<div class=\"img-inner dark\" >\n\t\t\t<img loading=\"lazy\" decoding=\"async\" width=\"882\" height=\"442\" src=\"https:\/\/zhg.swiss\/wp-content\/uploads\/2024\/12\/sustainability-3.jpg\" class=\"attachment-large size-large\" alt=\"\" srcset=\"https:\/\/zhg.swiss\/wp-content\/uploads\/2024\/12\/sustainability-3.jpg 882w, https:\/\/zhg.swiss\/wp-content\/uploads\/2024\/12\/sustainability-3-300x150.jpg 300w, https:\/\/zhg.swiss\/wp-content\/uploads\/2024\/12\/sustainability-3-768x385.jpg 768w\" sizes=\"auto, (max-width: 882px) 100vw, 882px\" \/>\t\t\t\t\t\t\n\t\t\t\t\t<\/div>\n\t\t\t\t\t\t\t\t\n<style>\n#image_750824739 {\n  width: 100%;\n}\n<\/style>\n\t<\/div>\n\t\n\n\n\t\t<\/div>\n\t\t\t\t\t<\/div>\n\n\t\n\n\t<div id=\"col-1996643638\" class=\"col medium-6 small-12 large-6\"  >\n\t\t\t\t<div class=\"col-inner\"  >\n\t\t\t\n\t\t\t\n\n<h2>Label \u00abCO2 &#038; kWh reduziert\u00bb <\/h2>\n<p>Durch die freiwillige Teilnahme an diesem Programm der Energie-Agentur der Wirtschaft (EnAW) stellt die Zermatt Hospitality Group ihr Engagement f\u00fcr den Klimaschutz deutlich unter Beweis. Das EnAW-Zertifikat \u00abCO2 &#038; kWh reduziert\u00bb wird vom Bund sowie von den kantonalen Beh\u00f6rden und den Industriepartnern anerkannt. <\/p>\n\n\t\t<\/div>\n\t\t\t\t\t<\/div>\n\n\t\n\n<\/div>\n<div class=\"row align-middle sustainability--row\"  id=\"row-384249233\">\n\n\n\t<div id=\"col-1686968936\" class=\"col medium-6 small-12 large-6\"  >\n\t\t\t\t<div class=\"col-inner\"  >\n\t\t\t\n\t\t\t\n\n<h2>ISO 14001:2015 \u2013 Umweltmanagement <\/h2>\n<p>Die Zermatt Hospitality Group wurde von der Schweizerischen Vereinigung f\u00fcr Qualit\u00e4ts- und Management-Systeme (SQS) nach ISO\u202f14001:2015 zertifiziert. Sie verfolgt eine engagierte Nachhaltigkeitspolitik, die Energiesparmassnahmen, Abfallmanagement und Recycling sowie die Reduktion von CO2-Emissionen umfasst. <\/p>\n\n\t\t<\/div>\n\t\t\t\t\t<\/div>\n\n\t\n\n\t<div id=\"col-958879051\" class=\"col medium-6 small-12 large-6 small-col-first\"  >\n\t\t\t\t<div class=\"col-inner\"  >\n\t\t\t\n\t\t\t\n\n\t<div class=\"img has-hover x md-x lg-x y md-y lg-y\" id=\"image_544225480\">\n\t\t\t\t\t\t\t\t<div class=\"img-inner dark\" >\n\t\t\t<img loading=\"lazy\" decoding=\"async\" width=\"882\" height=\"442\" src=\"https:\/\/zhg.swiss\/wp-content\/uploads\/2025\/01\/sqs-iso-14001.png\" class=\"attachment-original size-original\" alt=\"\" srcset=\"https:\/\/zhg.swiss\/wp-content\/uploads\/2025\/01\/sqs-iso-14001.png 882w, https:\/\/zhg.swiss\/wp-content\/uploads\/2025\/01\/sqs-iso-14001-300x150.png 300w, https:\/\/zhg.swiss\/wp-content\/uploads\/2025\/01\/sqs-iso-14001-768x385.png 768w\" sizes=\"auto, (max-width: 882px) 100vw, 882px\" \/>\t\t\t\t\t\t\n\t\t\t\t\t<\/div>\n\t\t\t\t\t\t\t\t\n<style>\n#image_544225480 {\n  width: 100%;\n}\n<\/style>\n\t<\/div>\n\t\n\n\n\t\t<\/div>\n\t\t\t\t\t<\/div>\n\n\t\n\n<\/div>\n<div class=\"row align-middle sustainability--row\"  id=\"row-1656477198\">\n\n\n\t<div id=\"col-1192637773\" class=\"col medium-6 small-12 large-6\"  >\n\t\t\t\t<div class=\"col-inner\"  >\n\t\t\t\n\t\t\t\n\n\t<div class=\"img has-hover x md-x lg-x y md-y lg-y\" id=\"image_1473261586\">\n\t\t\t\t\t\t\t\t<div class=\"img-inner dark\" >\n\t\t\t<img loading=\"lazy\" decoding=\"async\" width=\"882\" height=\"442\" src=\"https:\/\/zhg.swiss\/wp-content\/uploads\/2024\/12\/sustainability-5.jpg\" class=\"attachment-large size-large\" alt=\"\" srcset=\"https:\/\/zhg.swiss\/wp-content\/uploads\/2024\/12\/sustainability-5.jpg 882w, https:\/\/zhg.swiss\/wp-content\/uploads\/2024\/12\/sustainability-5-300x150.jpg 300w, https:\/\/zhg.swiss\/wp-content\/uploads\/2024\/12\/sustainability-5-768x385.jpg 768w\" sizes=\"auto, (max-width: 882px) 100vw, 882px\" \/>\t\t\t\t\t\t\n\t\t\t\t\t<\/div>\n\t\t\t\t\t\t\t\t\n<style>\n#image_1473261586 {\n  width: 100%;\n}\n<\/style>\n\t<\/div>\n\t\n\n\n\t\t<\/div>\n\t\t\t\t\t<\/div>\n\n\t\n\n\t<div id=\"col-1795252447\" class=\"col medium-6 small-12 large-6\"  >\n\t\t\t\t<div class=\"col-inner\"  >\n\t\t\t\n\t\t\t\n\n<h2>Umweltbericht 2025<\/h2>\n<p>Die Zermatt Hospitality Group AG hat ein unternehmensinternes Label entwickelt, unter welchem alle umweltrelevanten Aktivit\u00e4ten des Unternehmens geb\u00fcndelt dargestellt und kommuniziert werden sollen. Damit soll erreicht werden, dass die Mitarbeitenden davon Kenntnis haben, dass sich die Zermatt Hospitality Group AG ihrer Verantwortung gegen\u00fcber der Umwelt bewusst ist und diese ernst nimmt. Gleichzeitig soll eine Sensibilisierung der Mitarbeitenden f\u00fcr umweltschonendes Verhalten gef\u00f6rdert werden. <strong><a href=\"https:\/\/zhg.swiss\/wp-content\/uploads\/2026\/02\/VL-Umweltbericht-2025_DE.pdf\" target=\"_blank\" rel=\"noopener\">Download Umweltbericht &gt;<\/a><\/strong><\/p>\n\n\t\t<\/div>\n\t\t\t\t\t<\/div>\n\n\t\n\n<\/div>\n\n\t\t<\/div>\n\n\t\t\n<style>\n#section_123235883 {\n  padding-top: 30px;\n  padding-bottom: 30px;\n}\n<\/style>\n\t<\/section>\n\t\n\n\t<section class=\"section\" id=\"section_1458452646\">\n\t\t<div class=\"section-bg fill\" >\n\t\t\t\t\t\t\t\t\t\n\t\t\t\n\n\t\t<\/div>\n\n\t\t\n\n\t\t<div class=\"section-content relative\">\n\t\t\t\n\n<div class=\"row\"  id=\"row-1014215136\">\n\n\n\t<div id=\"col-761376317\" class=\"col small-12 large-12\"  >\n\t\t\t\t<div class=\"col-inner text-center\"  >\n\t\t\t\n\t\t\t\n\n<p><img decoding=\"async\"  src=\"https:\/\/zhg.swiss\/wp-content\/uploads\/2024\/11\/zhg-favicon.png\" alt=\"\" style=\"max-width: 75px;\" \/><\/p>\n<h1 class=\"uppercase\">UNSERE AUSZEICHNUNGEN <\/h1>\n\n\t\t<\/div>\n\t\t\t\t\t<\/div>\n\n\t\n\n<\/div>\n<div class=\"row align-middle sustainability--row\"  id=\"row-1330325790\">\n\n\n\t<div id=\"col-1904130807\" class=\"col medium-6 small-12 large-6\"  >\n\t\t\t\t<div class=\"col-inner\"  >\n\t\t\t\n\t\t\t\n\n\t<div class=\"img has-hover x md-x lg-x y md-y lg-y\" id=\"image_1273158615\">\n\t\t\t\t\t\t\t\t<div class=\"img-inner dark\" >\n\t\t\t<img loading=\"lazy\" decoding=\"async\" width=\"882\" height=\"442\" src=\"https:\/\/zhg.swiss\/wp-content\/uploads\/2024\/12\/sustainability-6.jpg\" class=\"attachment-large size-large\" alt=\"\" srcset=\"https:\/\/zhg.swiss\/wp-content\/uploads\/2024\/12\/sustainability-6.jpg 882w, https:\/\/zhg.swiss\/wp-content\/uploads\/2024\/12\/sustainability-6-300x150.jpg 300w, https:\/\/zhg.swiss\/wp-content\/uploads\/2024\/12\/sustainability-6-768x385.jpg 768w\" sizes=\"auto, (max-width: 882px) 100vw, 882px\" \/>\t\t\t\t\t\t\n\t\t\t\t\t<\/div>\n\t\t\t\t\t\t\t\t\n<style>\n#image_1273158615 {\n  width: 100%;\n}\n<\/style>\n\t<\/div>\n\t\n\n\n\t\t<\/div>\n\t\t\t\t\t<\/div>\n\n\t\n\n\t<div id=\"col-264957061\" class=\"col medium-6 small-12 large-6\"  >\n\t\t\t\t<div class=\"col-inner\"  >\n\t\t\t\n\t\t\t\n\n<h2>Label \u00abWe Pay Fair\u00bb <\/h2>\n<p>Die L\u00f6hne und Geh\u00e4lter aller unserer Mitarbeitenden wurden vom Forschungsinstitut f\u00fcr Internationales Management an der Universit\u00e4t St Gallen analysiert und als fair angesehen. <\/p>\n\n\t\t<\/div>\n\t\t\t\t\t<\/div>\n\n\t\n\n<\/div>\n<div class=\"row align-middle sustainability--row\"  id=\"row-2001704000\">\n\n\n\t<div id=\"col-754920398\" class=\"col medium-6 small-12 large-6\"  >\n\t\t\t\t<div class=\"col-inner\"  >\n\t\t\t\n\t\t\t\n\n<h2>ISO 9001:2015 \u2013 Qualit\u00e4tsmanagement <\/h2>\n<p>Diese Norm legt weltweit anerkannte Standards f\u00fcr Qualit\u00e4tsmanagementsysteme fest. Die Zermatt Hospitality Group wurde mit diesem Zertifikat ausgezeichnet. <\/p>\n\n\t\t<\/div>\n\t\t\t\t\t<\/div>\n\n\t\n\n\t<div id=\"col-1676149382\" class=\"col medium-6 small-12 large-6 small-col-first\"  >\n\t\t\t\t<div class=\"col-inner\"  >\n\t\t\t\n\t\t\t\n\n\t<div class=\"img has-hover x md-x lg-x y md-y lg-y\" id=\"image_194678216\">\n\t\t\t\t\t\t\t\t<div class=\"img-inner dark\" >\n\t\t\t<img loading=\"lazy\" decoding=\"async\" width=\"882\" height=\"442\" src=\"https:\/\/zhg.swiss\/wp-content\/uploads\/2025\/01\/sqs-iso-9001.png\" class=\"attachment-original size-original\" alt=\"\" srcset=\"https:\/\/zhg.swiss\/wp-content\/uploads\/2025\/01\/sqs-iso-9001.png 882w, https:\/\/zhg.swiss\/wp-content\/uploads\/2025\/01\/sqs-iso-9001-300x150.png 300w, https:\/\/zhg.swiss\/wp-content\/uploads\/2025\/01\/sqs-iso-9001-768x385.png 768w\" sizes=\"auto, (max-width: 882px) 100vw, 882px\" \/>\t\t\t\t\t\t\n\t\t\t\t\t<\/div>\n\t\t\t\t\t\t\t\t\n<style>\n#image_194678216 {\n  width: 100%;\n}\n<\/style>\n\t<\/div>\n\t\n\n\n\t\t<\/div>\n\t\t\t\t\t<\/div>\n\n\t\n\n<\/div>\n<div class=\"row align-middle sustainability--row\"  id=\"row-120048060\">\n\n\n\t<div id=\"col-1089239779\" class=\"col medium-6 small-12 large-6\"  >\n\t\t\t\t<div class=\"col-inner\"  >\n\t\t\t\n\t\t\t\n\n\t<div class=\"img has-hover x md-x lg-x y md-y lg-y\" id=\"image_27420327\">\n\t\t\t\t\t\t\t\t<div class=\"img-inner dark\" >\n\t\t\t<img loading=\"lazy\" decoding=\"async\" width=\"882\" height=\"442\" src=\"https:\/\/zhg.swiss\/wp-content\/uploads\/2024\/12\/sustainability-8.jpg\" class=\"attachment-large size-large\" alt=\"\" srcset=\"https:\/\/zhg.swiss\/wp-content\/uploads\/2024\/12\/sustainability-8.jpg 882w, https:\/\/zhg.swiss\/wp-content\/uploads\/2024\/12\/sustainability-8-300x150.jpg 300w, https:\/\/zhg.swiss\/wp-content\/uploads\/2024\/12\/sustainability-8-768x385.jpg 768w\" sizes=\"auto, (max-width: 882px) 100vw, 882px\" \/>\t\t\t\t\t\t\n\t\t\t\t\t<\/div>\n\t\t\t\t\t\t\t\t\n<style>\n#image_27420327 {\n  width: 100%;\n}\n<\/style>\n\t<\/div>\n\t\n\n\n\t\t<\/div>\n\t\t\t\t\t<\/div>\n\n\t\n\n\t<div id=\"col-647516814\" class=\"col medium-6 small-12 large-6\"  >\n\t\t\t\t<div class=\"col-inner\"  >\n\t\t\t\n\t\t\t\n\n<h2>Zertifikat \u00abTOP-Ausbildungsbetrieb\u00bb <\/h2>\n<p>Wir sind ein \u00abTOP-Ausbildungsbetrieb\u00bb und stellen so sicher, dass unsere Auszubildenden auf das Berufsleben vorbereitet werden und sich zu Spezialisten in ihrem jeweiligen Bereich entwickeln k\u00f6nnen. <\/p>\n\n\t\t<\/div>\n\t\t\t\t\t<\/div>\n\n\t\n\n<\/div>\n\n\t\t<\/div>\n\n\t\t\n<style>\n#section_1458452646 {\n  padding-top: 30px;\n  padding-bottom: 30px;\n}\n<\/style>\n\t<\/section>\n\t\n\n","protected":false},"excerpt":{"rendered":"","protected":false},"author":1,"featured_media":0,"parent":0,"menu_order":0,"comment_status":"closed","ping_status":"closed","template":"","meta":{"_acf_changed":false,"footnotes":""},"class_list":["post-880","page","type-page","status-publish","hentry"],"acf":[],"_links":{"self":[{"href":"https:\/\/zhg.swiss\/de\/wp-json\/wp\/v2\/pages\/880","targetHints":{"allow":["GET"]}}],"collection":[{"href":"https:\/\/zhg.swiss\/de\/wp-json\/wp\/v2\/pages"}],"about":[{"href":"https:\/\/zhg.swiss\/de\/wp-json\/wp\/v2\/types\/page"}],"author":[{"embeddable":true,"href":"https:\/\/zhg.swiss\/de\/wp-json\/wp\/v2\/users\/1"}],"replies":[{"embeddable":true,"href":"https:\/\/zhg.swiss\/de\/wp-json\/wp\/v2\/comments?post=880"}],"version-history":[{"count":22,"href":"https:\/\/zhg.swiss\/de\/wp-json\/wp\/v2\/pages\/880\/revisions"}],"predecessor-version":[{"id":1580,"href":"https:\/\/zhg.swiss\/de\/wp-json\/wp\/v2\/pages\/880\/revisions\/1580"}],"wp:attachment":[{"href":"https:\/\/zhg.swiss\/de\/wp-json\/wp\/v2\/media?parent=880"}],"curies":[{"name":"wp","href":"https:\/\/api.w.org\/{rel}","templated":true}]}}