{"id":791,"date":"2024-11-26T00:03:21","date_gmt":"2024-11-25T23:03:21","guid":{"rendered":"https:\/\/zhg.swiss\/retail\/"},"modified":"2024-12-20T07:43:11","modified_gmt":"2024-12-20T06:43:11","slug":"retail","status":"publish","type":"page","link":"https:\/\/zhg.swiss\/fr\/retail\/","title":{"rendered":"Shopping \u00e0 Zermatt"},"content":{"rendered":"\n\n\t<section class=\"section\" id=\"section_1368216575\">\n\t\t<div class=\"section-bg fill\" >\n\t\t\t\t\t\t\t\t\t\n\t\t\t\n\n\t\t<\/div>\n\n\t\t\n\n\t\t<div class=\"section-content relative\">\n\t\t\t\n\n\n\t<section class=\"section\" id=\"section_132836267\">\n\t\t<div class=\"section-bg fill\" >\n\t\t\t\t\t\t\t\t\t\n\t\t\t\n\n\t\t<\/div>\n\n\t\t\n\n\t\t<div class=\"section-content relative\">\n\t\t\t\n\n\n  <div class=\"banner has-hover target__banner has-video\" id=\"banner-822020542\">\n          <div class=\"banner-inner fill\">\n        <div class=\"banner-bg fill\" >\n                        \t<div class=\"video-overlay no-click fill visible\"><\/div>\n\t<video class=\"video-bg fill visible\" preload playsinline autoplay muted loop>\n\t\t<source src=\"https:\/\/zhg.swiss\/video\/gornergrat-summit-shopping-film.mp4\" type=\"video\/mp4\">\t<\/video>\n                        \n                    <\/div>\n\t\t\n        <div class=\"banner-layers container\">\n            <div class=\"fill banner-link\"><\/div>            \n\n   <div id=\"text-box-2058840996\" class=\"text-box banner-layer x50 md-x50 lg-x50 y50 md-y50 lg-y50 res-text\">\n                                <div class=\"text-box-content text dark\">\n              \n              <div class=\"text-inner text-center\">\n                  \n\n\n              <\/div>\n           <\/div>\n                            \n<style>\n#text-box-2058840996 {\n  width: 60%;\n}\n#text-box-2058840996 .text-box-content {\n  font-size: 100%;\n}\n@media (min-width:550px) {\n  #text-box-2058840996 {\n    width: 60%;\n  }\n}\n<\/style>\n    <\/div>\n \n\n        <\/div>\n      <\/div>\n\n            \n<style>\n#banner-822020542 {\n  padding-top: 66%;\n  background-color: rgb(247, 247, 247);\n}\n@media (min-width:550px) {\n  #banner-822020542 {\n    padding-top: 50%;\n  }\n}\n<\/style>\n  <\/div>\n\n\n\n\t\t<\/div>\n\n\t\t\n<style>\n#section_132836267 {\n  padding-top: 0px;\n  padding-bottom: 0px;\n}\n<\/style>\n\t<\/section>\n\t\n\n\t<div id=\"gap-450623056\" class=\"gap-element clearfix\" style=\"display:block; height:auto;\">\n\t\t\n<style>\n#gap-450623056 {\n  padding-top: 30px;\n}\n<\/style>\n\t<\/div>\n\t\n\n<div class=\"row align-center\"  id=\"row-1036875411\">\n\n\n\t<div id=\"col-695225132\" class=\"col medium-10 small-12 large-10\"  >\n\t\t\t\t<div class=\"col-inner text-center\"  >\n\t\t\t\n\t\t\t\n\n<h1 class=\"uppercase\">LE MEILLEUR DU SHOPPING ALPIN <\/h1>\n<p><strong>Bienvenue dans le centre commercial le plus haut du monde. <\/strong><\/p>\n<p>Situ\u00e9 \u00e0 3100\u202fm\u00e8tres d\u2019altitude au sein du Kulmhotel Gornergrat, cet espace commercial de plus de 400\u202fm\u00e8tres carr\u00e9s s\u2019adresse \u00e0 un public de touristes intr\u00e9pides du monde entier. <\/p>\n\n\t\t<\/div>\n\t\t\t\t\t<\/div>\n\n\t\n\n<\/div>\n<div class=\"row row-collapse\"  id=\"row-314961887\">\n\n\n\t<div id=\"col-593800090\" class=\"col small-12 large-12\"  >\n\t\t\t\t<div class=\"col-inner text-center\"  >\n\t\t\t\n\t\t\t\n\n<p><img decoding=\"async\"  src=\"https:\/\/zhg.swiss\/wp-content\/uploads\/2024\/11\/zhg-favicon.png\" alt=\"\" style=\"max-width: 75px;\" \/><\/p>\n\n\t\t<\/div>\n\t\t\t\t\t<\/div>\n\n\t\n\n<\/div>\n\n\t\t<\/div>\n\n\t\t\n<style>\n#section_1368216575 {\n  padding-top: 0px;\n  padding-bottom: 0px;\n}\n<\/style>\n\t<\/section>\n\t\n\n\t<section class=\"section\" id=\"section_1086721226\">\n\t\t<div class=\"section-bg fill\" >\n\t\t\t\t\t\t\t\t\t\n\t\t\t\n\n\t\t<\/div>\n\n\t\t\n\n\t\t<div class=\"section-content relative\">\n\t\t\t\n\n<div class=\"row\"  id=\"row-1425248061\">\n\n\n\t<div id=\"col-957374312\" class=\"col small-12 large-12\"  >\n\t\t\t\t<div class=\"col-inner\"  >\n\t\t\t\n\t\t\t\n\n\n  <div class=\"banner has-hover\" id=\"banner-896286160\">\n          <div class=\"banner-inner fill\">\n        <div class=\"banner-bg fill\" >\n            <img loading=\"lazy\" decoding=\"async\" width=\"1790\" height=\"977\" src=\"https:\/\/zhg.swiss\/wp-content\/uploads\/2024\/12\/shopping-mall-1.jpg\" class=\"bg attachment-original size-original\" alt=\"Gornergrat Shopping Mall\" \/>                                    \n                    <\/div>\n\t\t\n        <div class=\"banner-layers container\">\n            <div class=\"fill banner-link\"><\/div>            \n\n   <div id=\"text-box-1228701377\" class=\"text-box banner-layer x50 md-x50 lg-x50 y50 md-y50 lg-y50 res-text\">\n                                <div class=\"text-box-content text dark\">\n              \n              <div class=\"text-inner text-center\">\n                  \n\n\n              <\/div>\n           <\/div>\n                            \n<style>\n#text-box-1228701377 {\n  width: 60%;\n}\n#text-box-1228701377 .text-box-content {\n  font-size: 100%;\n}\n@media (min-width:550px) {\n  #text-box-1228701377 {\n    width: 60%;\n  }\n}\n<\/style>\n    <\/div>\n \n\n        <\/div>\n      <\/div>\n\n            \n<style>\n#banner-896286160 {\n  padding-top: 99.99%;\n  background-color: rgb(247, 247, 247);\n}\n#banner-896286160 .banner-bg img {\n  object-position: 50% 50%;\n}\n@media (min-width:550px) {\n  #banner-896286160 {\n    padding-top: 60%;\n  }\n}\n@media (min-width:850px) {\n  #banner-896286160 {\n    padding-top: 50%;\n  }\n}\n<\/style>\n  <\/div>\n\n\n\n\t\t<\/div>\n\t\t\t\t\t<\/div>\n\n\t\n\n<\/div>\n\t<div id=\"gap-1657418088\" class=\"gap-element clearfix\" style=\"display:block; height:auto;\">\n\t\t\n<style>\n#gap-1657418088 {\n  padding-top: 30px;\n}\n<\/style>\n\t<\/div>\n\t\n\n<div class=\"row align-center\"  id=\"row-289153775\">\n\n\n\t<div id=\"col-1173545245\" class=\"col medium-10 small-12 large-10\"  >\n\t\t\t\t<div class=\"col-inner text-center\"  >\n\t\t\t\n\t\t\t\n\n<h1 class=\"uppercase\">Centre commercial Gornergrat <\/h1>\n<p>Face \u00e0 l\u2019augmentation du nombre de clients internationaux aux attentes \u00e9lev\u00e9es, une nouvelle exp\u00e9rience de shopping a \u00e9t\u00e9 cr\u00e9\u00e9e (lancement au printemps\u202f2025) afin de r\u00e9pondre \u00e0 la demande et d\u2019offrir un parcours d\u2019achat de qualit\u00e9 sup\u00e9rieure. <\/p>\n\n\t\t<\/div>\n\t\t\t\t\t<\/div>\n\n\t\n\n<\/div>\n\n\t\t<\/div>\n\n\t\t\n<style>\n#section_1086721226 {\n  padding-top: 30px;\n  padding-bottom: 30px;\n}\n<\/style>\n\t<\/section>\n\t\n\n\t<section class=\"section\" id=\"section_1748204798\">\n\t\t<div class=\"section-bg fill\" >\n\t\t\t\t\t\t\t\t\t\n\t\t\t\n\n\t\t<\/div>\n\n\t\t\n\n\t\t<div class=\"section-content relative\">\n\t\t\t\n\n<div class=\"row\"  id=\"row-714138455\">\n\n\n\t<div id=\"col-1528163836\" class=\"col small-12 large-12\"  >\n\t\t\t\t<div class=\"col-inner\"  >\n\t\t\t\n\t\t\t\n\n\n  <div class=\"banner has-hover\" id=\"banner-1012693189\">\n          <div class=\"banner-inner fill\">\n        <div class=\"banner-bg fill\" >\n            <img loading=\"lazy\" decoding=\"async\" width=\"1750\" height=\"886\" src=\"https:\/\/zhg.swiss\/wp-content\/uploads\/2024\/11\/ice-shop-banner.jpg\" class=\"bg attachment-original size-original\" alt=\"Ice Shop\" \/>                                    \n                    <\/div>\n\t\t\n        <div class=\"banner-layers container\">\n            <div class=\"fill banner-link\"><\/div>            \n\n   <div id=\"text-box-562238197\" class=\"text-box banner-layer x50 md-x50 lg-x50 y50 md-y50 lg-y50 res-text\">\n                                <div class=\"text-box-content text dark\">\n              \n              <div class=\"text-inner text-center\">\n                  \n\n\n              <\/div>\n           <\/div>\n                            \n<style>\n#text-box-562238197 {\n  width: 60%;\n}\n#text-box-562238197 .text-box-content {\n  font-size: 100%;\n}\n@media (min-width:550px) {\n  #text-box-562238197 {\n    width: 60%;\n  }\n}\n<\/style>\n    <\/div>\n \n\n        <\/div>\n      <\/div>\n\n            \n<style>\n#banner-1012693189 {\n  padding-top: 99.99%;\n  background-color: rgb(247, 247, 247);\n}\n#banner-1012693189 .banner-bg img {\n  object-position: 50% 50%;\n}\n@media (min-width:550px) {\n  #banner-1012693189 {\n    padding-top: 60%;\n  }\n}\n@media (min-width:850px) {\n  #banner-1012693189 {\n    padding-top: 50%;\n  }\n}\n<\/style>\n  <\/div>\n\n\n\n\t\t<\/div>\n\t\t\t\t\t<\/div>\n\n\t\n\n<\/div>\n<div class=\"row align-center\"  id=\"row-1013222596\">\n\n\n\t<div id=\"col-896328439\" class=\"col medium-10 small-12 large-10\"  >\n\t\t\t\t<div class=\"col-inner text-center\"  >\n\t\t\t\n\t\t\t\n\n\t<div id=\"gap-1998644461\" class=\"gap-element clearfix\" style=\"display:block; height:auto;\">\n\t\t\n<style>\n#gap-1998644461 {\n  padding-top: 30px;\n}\n<\/style>\n\t<\/div>\n\t\n\n<h1 class=\"uppercase\">Ice Shop<\/h1>\n<p>La boutique de souvenirs sur le Trockener Steg, juste \u00e0 c\u00f4t\u00e9 du ice buffet bar pizzeria avec des souvenirs et des snacks suisses. <\/p>\n\n\t\t<\/div>\n\t\t\t\t\t<\/div>\n\n\t\n\n<\/div>\n\n\t\t<\/div>\n\n\t\t\n<style>\n#section_1748204798 {\n  padding-top: 30px;\n  padding-bottom: 30px;\n}\n<\/style>\n\t<\/section>\n\t\n\n","protected":false},"excerpt":{"rendered":"","protected":false},"author":1,"featured_media":0,"parent":0,"menu_order":0,"comment_status":"closed","ping_status":"closed","template":"","meta":{"_acf_changed":false,"footnotes":""},"class_list":["post-791","page","type-page","status-publish","hentry"],"acf":[],"_links":{"self":[{"href":"https:\/\/zhg.swiss\/fr\/wp-json\/wp\/v2\/pages\/791","targetHints":{"allow":["GET"]}}],"collection":[{"href":"https:\/\/zhg.swiss\/fr\/wp-json\/wp\/v2\/pages"}],"about":[{"href":"https:\/\/zhg.swiss\/fr\/wp-json\/wp\/v2\/types\/page"}],"author":[{"embeddable":true,"href":"https:\/\/zhg.swiss\/fr\/wp-json\/wp\/v2\/users\/1"}],"replies":[{"embeddable":true,"href":"https:\/\/zhg.swiss\/fr\/wp-json\/wp\/v2\/comments?post=791"}],"version-history":[{"count":8,"href":"https:\/\/zhg.swiss\/fr\/wp-json\/wp\/v2\/pages\/791\/revisions"}],"predecessor-version":[{"id":1183,"href":"https:\/\/zhg.swiss\/fr\/wp-json\/wp\/v2\/pages\/791\/revisions\/1183"}],"wp:attachment":[{"href":"https:\/\/zhg.swiss\/fr\/wp-json\/wp\/v2\/media?parent=791"}],"curies":[{"name":"wp","href":"https:\/\/api.w.org\/{rel}","templated":true}]}}